{"id":221,"date":"2021-04-07T14:40:02","date_gmt":"2021-04-07T14:40:02","guid":{"rendered":"https:\/\/mms-event.de\/?page_id=221"},"modified":"2021-04-07T14:40:02","modified_gmt":"2021-04-07T14:40:02","slug":"portfolio","status":"publish","type":"page","link":"https:\/\/mms-event.de\/index.php\/portfolio\/","title":{"rendered":"Portfolio"},"content":{"rendered":"\t\t<div data-elementor-type=\"wp-page\" data-elementor-id=\"221\" class=\"elementor elementor-221\">\n\t\t\t\t\t\t<section class=\"elementor-section elementor-top-section elementor-element elementor-element-7902aef elementor-section-boxed elementor-section-height-default elementor-section-height-default\" data-id=\"7902aef\" data-element_type=\"section\" data-e-type=\"section\">\n\t\t\t\t\t\t<div class=\"elementor-container elementor-column-gap-default\">\n\t\t\t\t\t<div class=\"elementor-column elementor-col-33 elementor-top-column elementor-element elementor-element-01f772d\" data-id=\"01f772d\" data-element_type=\"column\" data-e-type=\"column\">\n\t\t\t<div class=\"elementor-widget-wrap\">\n\t\t\t\t\t\t\t<\/div>\n\t\t<\/div>\n\t\t\t\t<div class=\"elementor-column elementor-col-33 elementor-top-column elementor-element elementor-element-7833660\" data-id=\"7833660\" data-element_type=\"column\" data-e-type=\"column\">\n\t\t\t<div class=\"elementor-widget-wrap\">\n\t\t\t\t\t\t\t<\/div>\n\t\t<\/div>\n\t\t\t\t<div class=\"elementor-column elementor-col-33 elementor-top-column elementor-element elementor-element-d0c2f15\" data-id=\"d0c2f15\" data-element_type=\"column\" data-e-type=\"column\">\n\t\t\t<div class=\"elementor-widget-wrap\">\n\t\t\t\t\t\t\t<\/div>\n\t\t<\/div>\n\t\t\t\t\t<\/div>\n\t\t<\/section>\n\t\t\t\t<section class=\"elementor-section elementor-top-section elementor-element elementor-element-5fdd823 elementor-section-boxed elementor-section-height-default elementor-section-height-default\" data-id=\"5fdd823\" data-element_type=\"section\" data-e-type=\"section\">\n\t\t\t\t\t\t<div class=\"elementor-container elementor-column-gap-default\">\n\t\t\t\t\t<div class=\"elementor-column elementor-col-100 elementor-top-column elementor-element elementor-element-bc4e85e\" data-id=\"bc4e85e\" data-element_type=\"column\" data-e-type=\"column\">\n\t\t\t<div class=\"elementor-widget-wrap elementor-element-populated\">\n\t\t\t\t\t\t<div class=\"elementor-element elementor-element-ca28da5 elementor-widget elementor-widget-obfx-posts-grid\" data-id=\"ca28da5\" data-element_type=\"widget\" data-e-type=\"widget\" data-widget_type=\"obfx-posts-grid.default\">\n\t\t\t\t<div class=\"elementor-widget-container\">\n\t\t\t\t\t<div class=\"obfx-grid\"><div class=\"obfx-grid-container obfx-grid-desktop-3\"><div class=\"obfx-grid-wrapper\"><article class=\"obfx-grid-col obfx-no-image\"><div class=\"obfx-grid-col-content\">\t\t\t<h2 class=\"entry-title obfx-grid-title\">\n\t\t\t\t\t\t\t<a href=\"https:\/\/mms-event.de\/index.php\/2021\/04\/11\/streaming\/\" title=\"Streaming\">\n\t\t\t\t\tStreaming\t\t\t\t<\/a>\n\t\t\t\t\t\t\t<\/h2>\n\t\t\t\t\t\t<div class=\"entry-content obfx-grid-content\">\n\t\t\t\t<p><img loading=\"lazy\" loading=\"lazy\" decoding=\"async\" width=\"1024\" height=\"768\" src=\"https:\/\/mms-event.de\/wp-content\/uploads\/2023\/06\/IMG_4194-1024x768.jpeg\" alt=\"\" loading=\"lazy\" srcset=\"https:\/\/mms-event.de\/wp-content\/uploads\/2023\/06\/IMG_4194-1024x768.jpeg 1024w, https:\/\/mms-event.de\/wp-content\/uploads\/2023\/06\/IMG_4194-300x225.jpeg 300w, https:\/\/mms-event.de\/wp-content\/uploads\/2023\/06\/IMG_4194-768x576.jpeg 768w, https:\/\/mms-event.de\/wp-content\/uploads\/2023\/06\/IMG_4194-1536x1152.jpeg 1536w, https:\/\/mms-event.de\/wp-content\/uploads\/2023\/06\/IMG_4194.jpeg 2048w\" sizes=\"auto, (max-width: 1024px) 100vw, 1024px\" \/>\t\t\t\t\t\t\t\t\t\t\t\t\t\t\t<\/p>\n<p>Gleich, ob virtuelles Incentive, Produktpr\u00e4sentation, Webinar oder Kulturevent wie Lesung oder Konzert, mit unseren Streaming-L\u00f6sungen direkt aus unserem Studio oder mit unserem mobilen Studio in Ihren R\u00e4umlichkeiten oder von von Ihnen gew\u00fcnschten Locations, gleich ob auf Ihre Social Mediakan\u00e4le oder als bezahltes Event \u00fcber unsere hoch performanten Streamingserver &#8211;<\/p>\n<p>mit uns wird Ihr Livestream zum Erfolg.<\/p>\n\t\t\t<\/div>\n\t\t\t<\/div><\/article><\/div><div class=\"obfx-grid-wrapper\"><article class=\"obfx-grid-col obfx-no-image\"><div class=\"obfx-grid-col-content\">\t\t\t<h2 class=\"entry-title obfx-grid-title\">\n\t\t\t\t\t\t\t<a href=\"https:\/\/mms-event.de\/index.php\/2021\/04\/11\/mobiles-studio\/\" title=\"Mobiles Studio\">\n\t\t\t\t\tMobiles Studio\t\t\t\t<\/a>\n\t\t\t\t\t\t\t<\/h2>\n\t\t\t\t\t\t<div class=\"entry-content obfx-grid-content\">\n\t\t\t\t<p><img loading=\"lazy\" loading=\"lazy\" decoding=\"async\" width=\"1024\" height=\"768\" src=\"https:\/\/mms-event.de\/wp-content\/uploads\/2021\/04\/Studio.jpg\" alt=\"\" loading=\"lazy\" srcset=\"https:\/\/mms-event.de\/wp-content\/uploads\/2021\/04\/Studio.jpg 1024w, https:\/\/mms-event.de\/wp-content\/uploads\/2021\/04\/Studio-300x225.jpg 300w, https:\/\/mms-event.de\/wp-content\/uploads\/2021\/04\/Studio-768x576.jpg 768w\" sizes=\"auto, (max-width: 1024px) 100vw, 1024px\" \/>\t\t\t\t\t\t\t\t\t\t\t<\/p>\n<p>Mit unserem mobilen Studio senden wir von wo Sie wollen &#8211; als Stream oder in eine Videokonferenz, als reines virtuelles oder als hybrides Event. On Location im realen Ambiente oder mit Greenscreen-Technik,&nbsp;<\/p>\n<p>Gleich, ob Sie als Vorstand Ihre Mitarbeiter aus dem passenden Rahmen heraus erreichen wollen, Ihrer Talkrunde oder Ihrer Kulturveranstaltung den richtigen Online-Rahmen geben wollen &#8211; gern sind wir Ihnen auch bei der Ausstattung Ihrer Location im passenden Ambiente oder mit der Content-Erstellung f\u00fcr das Greenscreen-Verfahren behilflich.<\/p>\n\t\t\t<\/div>\n\t\t\t<\/div><\/article><\/div><div class=\"obfx-grid-wrapper\"><article class=\"obfx-grid-col obfx-no-image\"><div class=\"obfx-grid-col-content\">\t\t\t<h2 class=\"entry-title obfx-grid-title\">\n\t\t\t\t\t\t\t<a href=\"https:\/\/mms-event.de\/index.php\/2021\/04\/11\/videokonferenz\/\" title=\"Videokonferenz\">\n\t\t\t\t\tVideokonferenz\t\t\t\t<\/a>\n\t\t\t\t\t\t\t<\/h2>\n\t\t\t\t\t\t<div class=\"entry-content obfx-grid-content\">\n\t\t\t\t<p><img loading=\"lazy\" loading=\"lazy\" decoding=\"async\" width=\"1024\" height=\"768\" src=\"https:\/\/mms-event.de\/wp-content\/uploads\/2021\/04\/Videokonferenz.jpg\" alt=\"\" loading=\"lazy\" srcset=\"https:\/\/mms-event.de\/wp-content\/uploads\/2021\/04\/Videokonferenz.jpg 1024w, https:\/\/mms-event.de\/wp-content\/uploads\/2021\/04\/Videokonferenz-300x225.jpg 300w, https:\/\/mms-event.de\/wp-content\/uploads\/2021\/04\/Videokonferenz-768x576.jpg 768w\" sizes=\"auto, (max-width: 1024px) 100vw, 1024px\" \/>\t\t\t\t\t\t\t\t\t\t\t<\/p>\n<p>Konferenzen, Betriebsversammlungen, Meetings, ob alle gemeinsam oder mit Lobby und separaten Meetingr\u00e4umen &#8211; unabh\u00e4ngig von Raum und Zeit, mit hoher Nachhaltigkeit und optimaler \u00d6kobilanz<\/p>\n<p>Wir sind Ihr Partner f\u00fcr die Bereitstellung von Plattformen, Tools, und hochwertiger Hardware f\u00fcr Ihre virtuellen Events und unterst\u00fctzen Sie mit Konferenzsystemen, Abstimmungstools, unserem kompetenten Personal als technischer Host und unserer hochwertigen Technik<\/p>\n\t\t\t<\/div>\n\t\t\t<\/div><\/article><\/div><div class=\"obfx-grid-wrapper\"><article class=\"obfx-grid-col obfx-no-image\"><div class=\"obfx-grid-col-content\">\t\t\t<h2 class=\"entry-title obfx-grid-title\">\n\t\t\t\t\t\t\t<a href=\"https:\/\/mms-event.de\/index.php\/2021\/04\/11\/hybridevent\/\" title=\"Hybridevent\">\n\t\t\t\t\tHybridevent\t\t\t\t<\/a>\n\t\t\t\t\t\t\t<\/h2>\n\t\t\t\t\t\t<div class=\"entry-content obfx-grid-content\">\n\t\t\t\t<p><img loading=\"lazy\" loading=\"lazy\" decoding=\"async\" width=\"1024\" height=\"768\" src=\"https:\/\/mms-event.de\/wp-content\/uploads\/2021\/04\/IMG_3714-1024x768.jpeg\" alt=\"\" loading=\"lazy\" srcset=\"https:\/\/mms-event.de\/wp-content\/uploads\/2021\/04\/IMG_3714-1024x768.jpeg 1024w, https:\/\/mms-event.de\/wp-content\/uploads\/2021\/04\/IMG_3714-300x225.jpeg 300w, https:\/\/mms-event.de\/wp-content\/uploads\/2021\/04\/IMG_3714-768x576.jpeg 768w, https:\/\/mms-event.de\/wp-content\/uploads\/2021\/04\/IMG_3714-1536x1152.jpeg 1536w, https:\/\/mms-event.de\/wp-content\/uploads\/2021\/04\/IMG_3714.jpeg 2048w\" sizes=\"auto, (max-width: 1024px) 100vw, 1024px\" \/>\t\t\t\t\t\t\t\t\t\t\t\t\t\t\t<\/p>\n<p>Ihr Incentive, Ihr Plenum, Ihr Plenum mit hergestellter \u00d6ffentlichkeit oder Ihr Konzert live vor Ort und gleichzeitig \u00fcberall auf der Welt, interaktiv und nachhaltig?<\/p>\n<p>Mit unserer Streaming-, Video-, Konferenz-, Ton &#8211; und Lichttechnik, mit unseren B\u00fchnen und Konstruktionen gestalten wir f\u00fcr Sie den Rahmen, in dem Sie in Pr\u00e4senz und vor dem Bildschirm informieren, Emotionen erzeugen oder die \u00d6ffentlichkeit an Ihren politischen Entscheidungsprozessen teilhaben lassen k\u00f6nnen.<\/p>\n\t\t\t<\/div>\n\t\t\t<\/div><\/article><\/div><div class=\"obfx-grid-wrapper\"><article class=\"obfx-grid-col obfx-no-image\"><div class=\"obfx-grid-col-content\">\t\t\t<h2 class=\"entry-title obfx-grid-title\">\n\t\t\t\t\t\t\t<a href=\"https:\/\/mms-event.de\/index.php\/2021\/04\/11\/streaming-2\/\" title=\"Simultan-\u00dcbersetzung\">\n\t\t\t\t\tSimultan-\u00dcbersetzung\t\t\t\t<\/a>\n\t\t\t\t\t\t\t<\/h2>\n\t\t\t\t\t\t<div class=\"entry-content obfx-grid-content\">\n\t\t\t\t<p><img fetchpriority=\"high\" fetchpriority=\"high\" decoding=\"async\" src=\"https:\/\/mms-event.de\/wp-content\/uploads\/2021\/04\/Hub.jpg\" sizes=\"(max-width: 1024px) 100vw, 1024px\" srcset=\"https:\/\/mms-event.de\/wp-content\/uploads\/2021\/04\/Hub.jpg 1024w, https:\/\/mms-event.de\/wp-content\/uploads\/2021\/04\/Hub-300x225.jpg 300w, https:\/\/mms-event.de\/wp-content\/uploads\/2021\/04\/Hub-768x576.jpg 768w\" alt=\"\" width=\"1024\" height=\"768\" \/><\/p>\n<p>Internationale Events, ob virtuell oder on premise, ben\u00f6tigen professionelle simultane \u00dcbersetzung in die Sprachen Ihrer Teilnehmer oder Kunden.<\/p>\n<p>Aus unserem Hub in Riegelsberg verdolmetschen wir weltweit Ihre Videokonferenz oder Ihren Stream in die von Ihnen gew\u00fcnschten Sprachen. Auch stellen wir auf Wunsch die dazu notwendigen Lizenzen der g\u00e4ngigen Videokonferenz-Systeme zur Verf\u00fcgung. Selbstverst\u00e4ndlich k\u00f6nnen wir auch aus Ihren R\u00e4umlichkeiten arbeiten, ob lokal oder online.<\/p>\n\t\t\t<\/div>\n\t\t\t<\/div><\/article><\/div><div class=\"obfx-grid-wrapper\"><article class=\"obfx-grid-col obfx-no-image\"><div class=\"obfx-grid-col-content\">\t\t\t<h2 class=\"entry-title obfx-grid-title\">\n\t\t\t\t\t\t\t<a href=\"https:\/\/mms-event.de\/index.php\/2021\/04\/11\/tontechnik\/\" title=\"Tontechnik\">\n\t\t\t\t\tTontechnik\t\t\t\t<\/a>\n\t\t\t\t\t\t\t<\/h2>\n\t\t\t\t\t\t<div class=\"entry-content obfx-grid-content\">\n\t\t\t\t<p><img loading=\"lazy\" loading=\"lazy\" decoding=\"async\" width=\"1024\" height=\"768\" src=\"https:\/\/mms-event.de\/wp-content\/uploads\/2021\/04\/Mischpult.jpg\" alt=\"\" loading=\"lazy\" srcset=\"https:\/\/mms-event.de\/wp-content\/uploads\/2021\/04\/Mischpult.jpg 1024w, https:\/\/mms-event.de\/wp-content\/uploads\/2021\/04\/Mischpult-300x225.jpg 300w, https:\/\/mms-event.de\/wp-content\/uploads\/2021\/04\/Mischpult-768x576.jpg 768w\" sizes=\"auto, (max-width: 1024px) 100vw, 1024px\" \/>\t\t\t\t\t\t\t\t\t\t\t<\/p>\n<p>Hybrid oder vor Ort, Kongress, Sport, Kultur oder Politik &#8211; mit unserer hochwertigen Beschallungstechnik verschaffen wir Ihnen Geh\u00f6r und sorgen so daf\u00fcr, dass Ihre wichtige Botschaft, Ihre Kunst oder Musik ankommt<\/p>\n\t\t\t<\/div>\n\t\t\t<\/div><\/article><\/div><div class=\"obfx-grid-wrapper\"><article class=\"obfx-grid-col obfx-no-image\"><div class=\"obfx-grid-col-content\">\t\t\t<h2 class=\"entry-title obfx-grid-title\">\n\t\t\t\t\t\t\t<a href=\"https:\/\/mms-event.de\/index.php\/2021\/04\/11\/lichttechnik\/\" title=\"Lichttechnik\">\n\t\t\t\t\tLichttechnik\t\t\t\t<\/a>\n\t\t\t\t\t\t\t<\/h2>\n\t\t\t\t\t\t<div class=\"entry-content obfx-grid-content\">\n\t\t\t\t<p><img loading=\"lazy\" loading=\"lazy\" decoding=\"async\" width=\"1024\" height=\"768\" src=\"https:\/\/mms-event.de\/wp-content\/uploads\/2021\/04\/Magica.jpg\" alt=\"\" loading=\"lazy\" srcset=\"https:\/\/mms-event.de\/wp-content\/uploads\/2021\/04\/Magica.jpg 1024w, https:\/\/mms-event.de\/wp-content\/uploads\/2021\/04\/Magica-300x225.jpg 300w, https:\/\/mms-event.de\/wp-content\/uploads\/2021\/04\/Magica-768x576.jpg 768w\" sizes=\"auto, (max-width: 1024px) 100vw, 1024px\" \/>\t\t\t\t\t\t\t\t\t\t\t<\/p>\n<p>Licht erzeugt nicht nur Helligkeit.&nbsp; Licht schafft Emotion. Ins rechte Licht ger\u00fcckt. Licht sorgt daf\u00fcr, dass Sie gesehen werden.<\/p>\n<p>Wir beleuchten und designen,&nbsp; ob Licht f\u00fcr TV, Streaming oder Podium, ob Showlicht oder Theater &#8211; mit unseren Beleuchtungsl\u00f6sungen stehen Sie nicht im Schatten.<\/p>\n\t\t\t<\/div>\n\t\t\t<\/div><\/article><\/div><div class=\"obfx-grid-wrapper\"><article class=\"obfx-grid-col obfx-no-image\"><div class=\"obfx-grid-col-content\">\t\t\t<h2 class=\"entry-title obfx-grid-title\">\n\t\t\t\t\t\t\t<a href=\"https:\/\/mms-event.de\/index.php\/2021\/04\/11\/konferenz-und-medientechnik\/\" title=\"Konferenz- und Medientechnik\">\n\t\t\t\t\tKonferenz- und Medientechnik\t\t\t\t<\/a>\n\t\t\t\t\t\t\t<\/h2>\n\t\t\t\t\t\t<div class=\"entry-content obfx-grid-content\">\n\t\t\t\t<p><img loading=\"lazy\" loading=\"lazy\" decoding=\"async\" width=\"1024\" height=\"768\" src=\"https:\/\/mms-event.de\/wp-content\/uploads\/2021\/04\/Bildschirme.jpg\" alt=\"\" loading=\"lazy\" srcset=\"https:\/\/mms-event.de\/wp-content\/uploads\/2021\/04\/Bildschirme.jpg 1024w, https:\/\/mms-event.de\/wp-content\/uploads\/2021\/04\/Bildschirme-300x225.jpg 300w, https:\/\/mms-event.de\/wp-content\/uploads\/2021\/04\/Bildschirme-768x576.jpg 768w\" sizes=\"auto, (max-width: 1024px) 100vw, 1024px\" \/>\t\t\t\t\t\t\t\t\t\t\t<\/p>\n<p>Ihre Botschaft &#8211; audiovisuell<\/p>\n<p>Wir bieten Ihnen modernste Konferenz- und Medientechnik, vom hochwertigen Mikrofon \u00fcber die Konferenzanlage, interaktive Rednerpulte, Projektoren und Displays in allen Gr\u00f6\u00dfen. Auch stellen wir Ihnen gern die Hard- und Software f\u00fcr Ihre Pr\u00e4sentation zur Verf\u00fcgung, ob Laptop, Medienserver oder Pr\u00e4senter, Votingtool oder Tablet.<\/p>\n\t\t\t<\/div>\n\t\t\t<\/div><\/article><\/div><div class=\"obfx-grid-wrapper\"><article class=\"obfx-grid-col obfx-no-image\"><div class=\"obfx-grid-col-content\">\t\t\t<h2 class=\"entry-title obfx-grid-title\">\n\t\t\t\t\t\t\t<a href=\"https:\/\/mms-event.de\/index.php\/2021\/04\/11\/messe-und-buehnenbau\/\" title=\"Messe- und B\u00fchnenbau\">\n\t\t\t\t\tMesse- und B\u00fchnenbau\t\t\t\t<\/a>\n\t\t\t\t\t\t\t<\/h2>\n\t\t\t\t\t\t<div class=\"entry-content obfx-grid-content\">\n\t\t\t\t<p><img loading=\"lazy\" loading=\"lazy\" decoding=\"async\" width=\"1024\" height=\"768\" src=\"https:\/\/mms-event.de\/wp-content\/uploads\/2021\/04\/Messe.jpg\" alt=\"\" loading=\"lazy\" srcset=\"https:\/\/mms-event.de\/wp-content\/uploads\/2021\/04\/Messe.jpg 1024w, https:\/\/mms-event.de\/wp-content\/uploads\/2021\/04\/Messe-300x225.jpg 300w, https:\/\/mms-event.de\/wp-content\/uploads\/2021\/04\/Messe-768x576.jpg 768w\" sizes=\"auto, (max-width: 1024px) 100vw, 1024px\" \/>\t\t\t\t\t\t\t\t\t\t\t<\/p>\n<p>Ihr Produkt verdient den richtigen Rahmen der Pr\u00e4sentation. Ihre Darbietung die richtige B\u00fchne.<\/p>\n<p>mit unseren Messe- und B\u00fchnenkonstruktionen, unserer Medien- und Veranstaltungstechnik, unserem Portfolio an hochwertigen M\u00f6beln und Dekoelementen sorgen wir f\u00fcr das richtige Ambiente und daf\u00fcr, dass Ihre Botschaft ankommt.<\/p>\n\t\t\t<\/div>\n\t\t\t<\/div><\/article><\/div><\/div><!-- .obfx-grid-container --><\/div><!-- .obfx-grid -->\t\t\t\t<\/div>\n\t\t\t\t<\/div>\n\t\t\t\t\t<\/div>\n\t\t<\/div>\n\t\t\t\t\t<\/div>\n\t\t<\/section>\n\t\t\t\t<\/div>\n\t\t","protected":false},"excerpt":{"rendered":"<p>Streaming Gleich, ob virtuelles Incentive, Produktpr\u00e4sentation, Webinar oder Kulturevent wie Lesung oder Konzert, mit unseren Streaming-L\u00f6sungen direkt aus unserem Studio oder mit unserem mobilen Studio in Ihren R\u00e4umlichkeiten oder von von Ihnen gew\u00fcnschten Locations, gleich ob auf Ihre Social Mediakan\u00e4le oder als bezahltes Event \u00fcber unsere hoch performanten Streamingserver &#8211; mit uns wird Ihr Livestream&hellip;&nbsp;<\/p>\n","protected":false},"author":1,"featured_media":0,"parent":0,"menu_order":0,"comment_status":"closed","ping_status":"closed","template":"page-templates\/template-pagebuilder-full-width.php","meta":{"neve_meta_sidebar":"full-width","neve_meta_container":"","neve_meta_enable_content_width":"on","neve_meta_content_width":100,"neve_meta_title_alignment":"","neve_meta_author_avatar":"","neve_post_elements_order":"","neve_meta_disable_header":"","neve_meta_disable_footer":"","neve_meta_disable_title":"","footnotes":""},"class_list":["post-221","page","type-page","status-publish","hentry"],"yoast_head":"<!-- This site is optimized with the Yoast SEO plugin v27.5 - https:\/\/yoast.com\/product\/yoast-seo-wordpress\/ -->\n<title>Portfolio - herzlich Willkommen bei Ihrem Konferenz-, Video- und Veranstaltungstechnikdienstleister aus dem Saarland f\u00fcr Deutschland, Grossregion und Oberrhein<\/title>\n<meta name=\"robots\" content=\"index, follow, max-snippet:-1, max-image-preview:large, max-video-preview:-1\" \/>\n<link rel=\"canonical\" href=\"https:\/\/mms-event.de\/index.php\/portfolio\/\" \/>\n<meta property=\"og:locale\" content=\"de_DE\" \/>\n<meta property=\"og:type\" content=\"article\" \/>\n<meta property=\"og:title\" content=\"Portfolio - herzlich Willkommen bei Ihrem Konferenz-, Video- und Veranstaltungstechnikdienstleister aus dem Saarland f\u00fcr Deutschland, Grossregion und Oberrhein\" \/>\n<meta property=\"og:description\" content=\"Streaming Gleich, ob virtuelles Incentive, Produktpr\u00e4sentation, Webinar oder Kulturevent wie Lesung oder Konzert, mit unseren Streaming-L\u00f6sungen direkt aus unserem Studio oder mit unserem mobilen Studio in Ihren R\u00e4umlichkeiten oder von von Ihnen gew\u00fcnschten Locations, gleich ob auf Ihre Social Mediakan\u00e4le oder als bezahltes Event \u00fcber unsere hoch performanten Streamingserver &#8211; mit uns wird Ihr Livestream&hellip;&nbsp;\" \/>\n<meta property=\"og:url\" content=\"https:\/\/mms-event.de\/index.php\/portfolio\/\" \/>\n<meta property=\"og:site_name\" content=\"herzlich Willkommen bei Ihrem Konferenz-, Video- und Veranstaltungstechnikdienstleister aus dem Saarland f\u00fcr Deutschland, Grossregion und Oberrhein\" \/>\n<meta property=\"og:image\" content=\"https:\/\/mms-event.de\/wp-content\/uploads\/2021\/04\/Streaming.jpg\" \/>\n<meta name=\"twitter:card\" content=\"summary_large_image\" \/>\n<meta name=\"twitter:label1\" content=\"Gesch\u00e4tzte Lesezeit\" \/>\n\t<meta name=\"twitter:data1\" content=\"8\u00a0Minuten\" \/>\n<script type=\"application\/ld+json\" class=\"yoast-schema-graph\">{\"@context\":\"https:\\\/\\\/schema.org\",\"@graph\":[{\"@type\":\"WebPage\",\"@id\":\"https:\\\/\\\/mms-event.de\\\/index.php\\\/portfolio\\\/\",\"url\":\"https:\\\/\\\/mms-event.de\\\/index.php\\\/portfolio\\\/\",\"name\":\"Portfolio - herzlich Willkommen bei Ihrem Konferenz-, Video- und Veranstaltungstechnikdienstleister aus dem Saarland f\u00fcr Deutschland, Grossregion und Oberrhein\",\"isPartOf\":{\"@id\":\"https:\\\/\\\/mms-event.de\\\/#website\"},\"primaryImageOfPage\":{\"@id\":\"https:\\\/\\\/mms-event.de\\\/index.php\\\/portfolio\\\/#primaryimage\"},\"image\":{\"@id\":\"https:\\\/\\\/mms-event.de\\\/index.php\\\/portfolio\\\/#primaryimage\"},\"thumbnailUrl\":\"https:\\\/\\\/mms-event.de\\\/wp-content\\\/uploads\\\/2021\\\/04\\\/Streaming.jpg\",\"datePublished\":\"2021-04-07T14:40:02+00:00\",\"breadcrumb\":{\"@id\":\"https:\\\/\\\/mms-event.de\\\/index.php\\\/portfolio\\\/#breadcrumb\"},\"inLanguage\":\"de\",\"potentialAction\":[{\"@type\":\"ReadAction\",\"target\":[\"https:\\\/\\\/mms-event.de\\\/index.php\\\/portfolio\\\/\"]}]},{\"@type\":\"ImageObject\",\"inLanguage\":\"de\",\"@id\":\"https:\\\/\\\/mms-event.de\\\/index.php\\\/portfolio\\\/#primaryimage\",\"url\":\"https:\\\/\\\/mms-event.de\\\/wp-content\\\/uploads\\\/2021\\\/04\\\/Streaming.jpg\",\"contentUrl\":\"https:\\\/\\\/mms-event.de\\\/wp-content\\\/uploads\\\/2021\\\/04\\\/Streaming.jpg\"},{\"@type\":\"BreadcrumbList\",\"@id\":\"https:\\\/\\\/mms-event.de\\\/index.php\\\/portfolio\\\/#breadcrumb\",\"itemListElement\":[{\"@type\":\"ListItem\",\"position\":1,\"name\":\"Startseite\",\"item\":\"https:\\\/\\\/mms-event.de\\\/\"},{\"@type\":\"ListItem\",\"position\":2,\"name\":\"Portfolio\"}]},{\"@type\":\"WebSite\",\"@id\":\"https:\\\/\\\/mms-event.de\\\/#website\",\"url\":\"https:\\\/\\\/mms-event.de\\\/\",\"name\":\"herzlich Willkommen bei Ihrem Konferenz-, Video- und Veranstaltungstechnikdienstleister aus dem Saarland f\u00fcr Deutschland, Grossregion und Oberrhein\",\"description\":\"Information \u00fcber die Dienstleistungen und das Angebot an Konferenz- und Medientechnik unseres Unternehmens\",\"publisher\":{\"@id\":\"https:\\\/\\\/mms-event.de\\\/#organization\"},\"potentialAction\":[{\"@type\":\"SearchAction\",\"target\":{\"@type\":\"EntryPoint\",\"urlTemplate\":\"https:\\\/\\\/mms-event.de\\\/?s={search_term_string}\"},\"query-input\":{\"@type\":\"PropertyValueSpecification\",\"valueRequired\":true,\"valueName\":\"search_term_string\"}}],\"inLanguage\":\"de\"},{\"@type\":\"Organization\",\"@id\":\"https:\\\/\\\/mms-event.de\\\/#organization\",\"name\":\"mms-event music & media service e.K.\",\"url\":\"https:\\\/\\\/mms-event.de\\\/\",\"logo\":{\"@type\":\"ImageObject\",\"inLanguage\":\"de\",\"@id\":\"https:\\\/\\\/mms-event.de\\\/#\\\/schema\\\/logo\\\/image\\\/\",\"url\":\"https:\\\/\\\/mms-event.de\\\/wp-content\\\/uploads\\\/2023\\\/11\\\/2021-01-06_MMSevent-Logo_mit_Text_340px-1-300x67-1.jpg\",\"contentUrl\":\"https:\\\/\\\/mms-event.de\\\/wp-content\\\/uploads\\\/2023\\\/11\\\/2021-01-06_MMSevent-Logo_mit_Text_340px-1-300x67-1.jpg\",\"width\":300,\"height\":67,\"caption\":\"mms-event music & media service e.K.\"},\"image\":{\"@id\":\"https:\\\/\\\/mms-event.de\\\/#\\\/schema\\\/logo\\\/image\\\/\"}}]}<\/script>\n<!-- \/ Yoast SEO plugin. -->","yoast_head_json":{"title":"Portfolio - herzlich Willkommen bei Ihrem Konferenz-, Video- und Veranstaltungstechnikdienstleister aus dem Saarland f\u00fcr Deutschland, Grossregion und Oberrhein","robots":{"index":"index","follow":"follow","max-snippet":"max-snippet:-1","max-image-preview":"max-image-preview:large","max-video-preview":"max-video-preview:-1"},"canonical":"https:\/\/mms-event.de\/index.php\/portfolio\/","og_locale":"de_DE","og_type":"article","og_title":"Portfolio - herzlich Willkommen bei Ihrem Konferenz-, Video- und Veranstaltungstechnikdienstleister aus dem Saarland f\u00fcr Deutschland, Grossregion und Oberrhein","og_description":"Streaming Gleich, ob virtuelles Incentive, Produktpr\u00e4sentation, Webinar oder Kulturevent wie Lesung oder Konzert, mit unseren Streaming-L\u00f6sungen direkt aus unserem Studio oder mit unserem mobilen Studio in Ihren R\u00e4umlichkeiten oder von von Ihnen gew\u00fcnschten Locations, gleich ob auf Ihre Social Mediakan\u00e4le oder als bezahltes Event \u00fcber unsere hoch performanten Streamingserver &#8211; mit uns wird Ihr Livestream&hellip;&nbsp;","og_url":"https:\/\/mms-event.de\/index.php\/portfolio\/","og_site_name":"herzlich Willkommen bei Ihrem Konferenz-, Video- und Veranstaltungstechnikdienstleister aus dem Saarland f\u00fcr Deutschland, Grossregion und Oberrhein","og_image":[{"url":"https:\/\/mms-event.de\/wp-content\/uploads\/2021\/04\/Streaming.jpg","type":"","width":"","height":""}],"twitter_card":"summary_large_image","twitter_misc":{"Gesch\u00e4tzte Lesezeit":"8\u00a0Minuten"},"schema":{"@context":"https:\/\/schema.org","@graph":[{"@type":"WebPage","@id":"https:\/\/mms-event.de\/index.php\/portfolio\/","url":"https:\/\/mms-event.de\/index.php\/portfolio\/","name":"Portfolio - herzlich Willkommen bei Ihrem Konferenz-, Video- und Veranstaltungstechnikdienstleister aus dem Saarland f\u00fcr Deutschland, Grossregion und Oberrhein","isPartOf":{"@id":"https:\/\/mms-event.de\/#website"},"primaryImageOfPage":{"@id":"https:\/\/mms-event.de\/index.php\/portfolio\/#primaryimage"},"image":{"@id":"https:\/\/mms-event.de\/index.php\/portfolio\/#primaryimage"},"thumbnailUrl":"https:\/\/mms-event.de\/wp-content\/uploads\/2021\/04\/Streaming.jpg","datePublished":"2021-04-07T14:40:02+00:00","breadcrumb":{"@id":"https:\/\/mms-event.de\/index.php\/portfolio\/#breadcrumb"},"inLanguage":"de","potentialAction":[{"@type":"ReadAction","target":["https:\/\/mms-event.de\/index.php\/portfolio\/"]}]},{"@type":"ImageObject","inLanguage":"de","@id":"https:\/\/mms-event.de\/index.php\/portfolio\/#primaryimage","url":"https:\/\/mms-event.de\/wp-content\/uploads\/2021\/04\/Streaming.jpg","contentUrl":"https:\/\/mms-event.de\/wp-content\/uploads\/2021\/04\/Streaming.jpg"},{"@type":"BreadcrumbList","@id":"https:\/\/mms-event.de\/index.php\/portfolio\/#breadcrumb","itemListElement":[{"@type":"ListItem","position":1,"name":"Startseite","item":"https:\/\/mms-event.de\/"},{"@type":"ListItem","position":2,"name":"Portfolio"}]},{"@type":"WebSite","@id":"https:\/\/mms-event.de\/#website","url":"https:\/\/mms-event.de\/","name":"herzlich Willkommen bei Ihrem Konferenz-, Video- und Veranstaltungstechnikdienstleister aus dem Saarland f\u00fcr Deutschland, Grossregion und Oberrhein","description":"Information \u00fcber die Dienstleistungen und das Angebot an Konferenz- und Medientechnik unseres Unternehmens","publisher":{"@id":"https:\/\/mms-event.de\/#organization"},"potentialAction":[{"@type":"SearchAction","target":{"@type":"EntryPoint","urlTemplate":"https:\/\/mms-event.de\/?s={search_term_string}"},"query-input":{"@type":"PropertyValueSpecification","valueRequired":true,"valueName":"search_term_string"}}],"inLanguage":"de"},{"@type":"Organization","@id":"https:\/\/mms-event.de\/#organization","name":"mms-event music & media service e.K.","url":"https:\/\/mms-event.de\/","logo":{"@type":"ImageObject","inLanguage":"de","@id":"https:\/\/mms-event.de\/#\/schema\/logo\/image\/","url":"https:\/\/mms-event.de\/wp-content\/uploads\/2023\/11\/2021-01-06_MMSevent-Logo_mit_Text_340px-1-300x67-1.jpg","contentUrl":"https:\/\/mms-event.de\/wp-content\/uploads\/2023\/11\/2021-01-06_MMSevent-Logo_mit_Text_340px-1-300x67-1.jpg","width":300,"height":67,"caption":"mms-event music & media service e.K."},"image":{"@id":"https:\/\/mms-event.de\/#\/schema\/logo\/image\/"}}]}},"_links":{"self":[{"href":"https:\/\/mms-event.de\/index.php\/wp-json\/wp\/v2\/pages\/221","targetHints":{"allow":["GET"]}}],"collection":[{"href":"https:\/\/mms-event.de\/index.php\/wp-json\/wp\/v2\/pages"}],"about":[{"href":"https:\/\/mms-event.de\/index.php\/wp-json\/wp\/v2\/types\/page"}],"author":[{"embeddable":true,"href":"https:\/\/mms-event.de\/index.php\/wp-json\/wp\/v2\/users\/1"}],"replies":[{"embeddable":true,"href":"https:\/\/mms-event.de\/index.php\/wp-json\/wp\/v2\/comments?post=221"}],"version-history":[{"count":1,"href":"https:\/\/mms-event.de\/index.php\/wp-json\/wp\/v2\/pages\/221\/revisions"}],"predecessor-version":[{"id":673,"href":"https:\/\/mms-event.de\/index.php\/wp-json\/wp\/v2\/pages\/221\/revisions\/673"}],"wp:attachment":[{"href":"https:\/\/mms-event.de\/index.php\/wp-json\/wp\/v2\/media?parent=221"}],"curies":[{"name":"wp","href":"https:\/\/api.w.org\/{rel}","templated":true}]}}